{"id":47,"date":"2019-12-19T12:22:32","date_gmt":"2019-12-19T11:22:32","guid":{"rendered":"http:\/\/p581468.webspaceconfig.de\/golf-style-outlet\/?page_id=47"},"modified":"2026-04-08T10:05:54","modified_gmt":"2026-04-08T08:05:54","slug":"imprint","status":"publish","type":"page","link":"https:\/\/golf-style-outlet.de\/en\/impressum\/","title":{"rendered":"Imprint"},"content":{"rendered":"<div id=\"fws_69f268d3004a1\"  data-column-margin=\"default\" data-midnight=\"dark\" data-top-percent=\"7%\"  class=\"wpb_row vc_row-fluid vc_row full-width-section has-row-bg-color\"  style=\"padding-top: calc(100vw * 0.07); padding-bottom: 0px; --row-bg-color: #ffffff;\"><div class=\"row-bg-wrap\" data-bg-animation=\"none\" data-bg-animation-delay=\"\" data-bg-overlay=\"false\"><div class=\"inner-wrap row-bg-layer\" ><div class=\"row-bg viewport-desktop using-bg-color\"  style=\"background-color: #ffffff; \"><\/div><\/div><\/div><div class=\"row_col_wrap_12 col span_12 dark left\">\n\t<div  class=\"vc_col-sm-6 wpb_column column_container vc_column_container col no-extra-padding inherit_tablet inherit_phone flex_gap_desktop_10px\"  data-padding-pos=\"all\" data-has-bg-color=\"false\" data-bg-color=\"\" data-bg-opacity=\"1\" data-animation=\"\" data-delay=\"0\" >\n\t\t<div class=\"vc_column-inner\" >\n\t\t\t<div class=\"wpb_wrapper\">\n\t\t\t\t\n<div class=\"wpb_text_column wpb_content_element\" >\n\t<h2><strong>Imprint<\/strong><\/h2>\n<p><strong>\u00a0<\/strong><\/p>\n<\/div>\n\n\n\n\n\t\t\t<\/div> \n\t\t<\/div>\n\t<\/div> \n\n\t<div  class=\"vc_col-sm-6 wpb_column column_container vc_column_container col no-extra-padding inherit_tablet inherit_phone flex_gap_desktop_10px\"  data-padding-pos=\"all\" data-has-bg-color=\"false\" data-bg-color=\"\" data-bg-opacity=\"1\" data-animation=\"\" data-delay=\"0\" >\n\t\t<div class=\"vc_column-inner\" >\n\t\t\t<div class=\"wpb_wrapper\">\n\t\t\t\t\n\t\t\t<\/div> \n\t\t<\/div>\n\t<\/div> \n<\/div><\/div>\n\t\t<div id=\"fws_69f268d3009a0\"  data-column-margin=\"default\" data-midnight=\"dark\" data-bottom-percent=\"7%\"  class=\"wpb_row vc_row-fluid vc_row full-width-section has-row-bg-color\"  style=\"padding-top: 0px; padding-bottom: calc(100vw * 0.07); --row-bg-color: #ffffff;\"><div class=\"row-bg-wrap\" data-bg-animation=\"none\" data-bg-animation-delay=\"\" data-bg-overlay=\"false\"><div class=\"inner-wrap row-bg-layer\" ><div class=\"row-bg viewport-desktop using-bg-color\"  style=\"background-color: #ffffff; \"><\/div><\/div><\/div><div class=\"row_col_wrap_12 col span_12 dark left\">\n\t<div  class=\"vc_col-sm-6 wpb_column column_container vc_column_container col no-extra-padding inherit_tablet inherit_phone flex_gap_desktop_10px\"  data-padding-pos=\"all\" data-has-bg-color=\"false\" data-bg-color=\"\" data-bg-opacity=\"1\" data-animation=\"\" data-delay=\"0\" >\n\t\t<div class=\"vc_column-inner\" >\n\t\t\t<div class=\"wpb_wrapper\">\n\t\t\t\t\n<div class=\"wpb_text_column wpb_content_element\" >\n\t<p><strong>Address:\u00a0<\/strong><br \/>\nGolf Style &amp; Outlet<br \/>\nWELGO Handelsgesellschaft mbH<br \/>\nBitscher Street 14<br \/>\n66989 H\u00f6hein\u00f6d<br \/>\nTelephone <a href=\"tel:+49(0)6333279279\">0 63 33 - 279 279<\/a><br \/>\nFax 0 63 33 - 279 277<br \/>\nE-Mail: <a class=\"onwhite\" href=\"mailto:info@outlet-golf.de\">info@outlet-golf.de<\/a><\/p>\n<h4>Opening hours<strong>:<br \/>\n<\/strong><\/h4>\n<p>Mon: closed. Appointments only<br \/>\nTue-Fri: 12:00-18:00<br \/>\nSaturday: 10:00 -14:00<\/p>\n<p>Closed on Saturdays<br \/>\nIn the off-season (November to March)<\/p>\n<p><strong>Place of jurisdiction:\u00a0<\/strong><br \/>\nWELGO Handelsgesellschaft mbH<br \/>\nRegister court: Zweibr\u00fccken Local Court No. HRB 23380<br \/>\n<span class=\"Haendlerbund_Rechtstext_Absatz\">represented by the managing director<\/span>Thomas Schedler<\/p>\n<\/div>\n\n\n\n\n\t\t\t<\/div> \n\t\t<\/div>\n\t<\/div> \n\n\t<div  class=\"vc_col-sm-6 wpb_column column_container vc_column_container col no-extra-padding inherit_tablet inherit_phone flex_gap_desktop_10px\"  data-padding-pos=\"all\" data-has-bg-color=\"false\" data-bg-color=\"\" data-bg-opacity=\"1\" data-animation=\"\" data-delay=\"0\" >\n\t\t<div class=\"vc_column-inner\" >\n\t\t\t<div class=\"wpb_wrapper\">\n\t\t\t\t\n<div class=\"wpb_text_column wpb_content_element\" >\n\t<p><strong>Sales tax identification number according to \u00a7 27 a sales tax law:<\/strong><br \/>\nVAT number: DE208309331<\/p>\n<p><strong>Bank details:\u00a0<\/strong><br \/>\nSavings Bank S\u00fcdwestpfalz<\/p>\n<div class=\"\">\n<div class=\"WordSection1\">\n<div class=\"\">IBAN: DE5554250010005013127<br \/>\nBIC: MALADE51SWP<br \/>\nAccount number: 150 042 026<br \/>\nBZ: 542 500 10<\/div>\n<\/div>\n<\/div>\n<p>All images and designations are registered trademarks of the respective manufacturers.<\/p>\n<p>Please also note our\u00a0<a class=\"onwhite\" href=\"http:\/\/www.disclaimer.de\/disclaimer.htm?farbe=FFFFFF\/000000\/000000\/000000\" target=\"_blank\" rel=\"noopener noreferrer\">Disclaimer of liability.<\/a><\/p>\n<\/div>\n\n\n\n\n\t\t\t<\/div> \n\t\t<\/div>\n\t<\/div> \n<\/div><\/div>","protected":false},"excerpt":{"rendered":"Imprint Address:  Golf Style &amp; Outlet WELGO Handelsgesellschaft mbH Bitscher Stra\u00dfe 14 66989 H\u00f6hein\u00f6d Phone 0 63 33 - 279 279 Fax 0 63 33 - 279 277 E-Mail:...","protected":false},"author":1,"featured_media":0,"parent":0,"menu_order":0,"comment_status":"closed","ping_status":"closed","template":"","meta":{"footnotes":""},"class_list":["post-47","page","type-page","status-publish"],"yoast_head":"<!-- This site is optimized with the Yoast SEO plugin v27.5 - https:\/\/yoast.com\/product\/yoast-seo-wordpress\/ -->\n<title>Impressum - Golf Style &amp; Outlet<\/title>\n<meta name=\"robots\" content=\"index, follow, max-snippet:-1, max-image-preview:large, max-video-preview:-1\" \/>\n<link rel=\"canonical\" href=\"https:\/\/golf-style-outlet.de\/en\/imprint\/\" \/>\n<meta property=\"og:locale\" content=\"en_US\" \/>\n<meta property=\"og:type\" content=\"article\" \/>\n<meta property=\"og:title\" content=\"Impressum - Golf Style &amp; Outlet\" \/>\n<meta property=\"og:url\" content=\"https:\/\/golf-style-outlet.de\/en\/imprint\/\" \/>\n<meta property=\"og:site_name\" content=\"Golf Style &amp; Outlet\" \/>\n<meta property=\"article:modified_time\" content=\"2026-04-08T08:05:54+00:00\" \/>\n<meta name=\"twitter:card\" content=\"summary_large_image\" \/>\n<meta name=\"twitter:label1\" content=\"Est. reading time\" \/>\n\t<meta name=\"twitter:data1\" content=\"1 minute\" \/>\n<script type=\"application\/ld+json\" class=\"yoast-schema-graph\">{\"@context\":\"https:\\\/\\\/schema.org\",\"@graph\":[{\"@type\":\"WebPage\",\"@id\":\"https:\\\/\\\/golf-style-outlet.de\\\/impressum\\\/\",\"url\":\"https:\\\/\\\/golf-style-outlet.de\\\/impressum\\\/\",\"name\":\"Impressum - Golf Style &amp; Outlet\",\"isPartOf\":{\"@id\":\"https:\\\/\\\/golf-style-outlet.de\\\/#website\"},\"datePublished\":\"2019-12-19T11:22:32+00:00\",\"dateModified\":\"2026-04-08T08:05:54+00:00\",\"breadcrumb\":{\"@id\":\"https:\\\/\\\/golf-style-outlet.de\\\/impressum\\\/#breadcrumb\"},\"inLanguage\":\"en-US\",\"potentialAction\":[{\"@type\":\"ReadAction\",\"target\":[\"https:\\\/\\\/golf-style-outlet.de\\\/impressum\\\/\"]}]},{\"@type\":\"BreadcrumbList\",\"@id\":\"https:\\\/\\\/golf-style-outlet.de\\\/impressum\\\/#breadcrumb\",\"itemListElement\":[{\"@type\":\"ListItem\",\"position\":1,\"name\":\"Startseite\",\"item\":\"https:\\\/\\\/golf-style-outlet.de\\\/\"},{\"@type\":\"ListItem\",\"position\":2,\"name\":\"Impressum\"}]},{\"@type\":\"WebSite\",\"@id\":\"https:\\\/\\\/golf-style-outlet.de\\\/#website\",\"url\":\"https:\\\/\\\/golf-style-outlet.de\\\/\",\"name\":\"Golf Style &amp; Outlet\",\"description\":\"Deine Anlaufstelle f\u00fcr Style und Outlet\",\"potentialAction\":[{\"@type\":\"SearchAction\",\"target\":{\"@type\":\"EntryPoint\",\"urlTemplate\":\"https:\\\/\\\/golf-style-outlet.de\\\/?s={search_term_string}\"},\"query-input\":{\"@type\":\"PropertyValueSpecification\",\"valueRequired\":true,\"valueName\":\"search_term_string\"}}],\"inLanguage\":\"en-US\"}]}<\/script>\n<!-- \/ Yoast SEO plugin. -->","yoast_head_json":{"title":"Imprint - Golf Style &amp; Outlet","robots":{"index":"index","follow":"follow","max-snippet":"max-snippet:-1","max-image-preview":"max-image-preview:large","max-video-preview":"max-video-preview:-1"},"canonical":"https:\/\/golf-style-outlet.de\/en\/imprint\/","og_locale":"en_US","og_type":"article","og_title":"Impressum - Golf Style &amp; Outlet","og_url":"https:\/\/golf-style-outlet.de\/en\/imprint\/","og_site_name":"Golf Style &amp; Outlet","article_modified_time":"2026-04-08T08:05:54+00:00","twitter_card":"summary_large_image","twitter_misc":{"Est. reading time":"1 minute"},"schema":{"@context":"https:\/\/schema.org","@graph":[{"@type":"WebPage","@id":"https:\/\/golf-style-outlet.de\/impressum\/","url":"https:\/\/golf-style-outlet.de\/impressum\/","name":"Imprint - Golf Style &amp; Outlet","isPartOf":{"@id":"https:\/\/golf-style-outlet.de\/#website"},"datePublished":"2019-12-19T11:22:32+00:00","dateModified":"2026-04-08T08:05:54+00:00","breadcrumb":{"@id":"https:\/\/golf-style-outlet.de\/impressum\/#breadcrumb"},"inLanguage":"en-US","potentialAction":[{"@type":"ReadAction","target":["https:\/\/golf-style-outlet.de\/impressum\/"]}]},{"@type":"BreadcrumbList","@id":"https:\/\/golf-style-outlet.de\/impressum\/#breadcrumb","itemListElement":[{"@type":"ListItem","position":1,"name":"Startseite","item":"https:\/\/golf-style-outlet.de\/"},{"@type":"ListItem","position":2,"name":"Impressum"}]},{"@type":"WebSite","@id":"https:\/\/golf-style-outlet.de\/#website","url":"https:\/\/golf-style-outlet.de\/","name":"Golf Style &amp; Outlet","description":"Your point of contact for style and outlet","potentialAction":[{"@type":"SearchAction","target":{"@type":"EntryPoint","urlTemplate":"https:\/\/golf-style-outlet.de\/?s={search_term_string}"},"query-input":{"@type":"PropertyValueSpecification","valueRequired":true,"valueName":"search_term_string"}}],"inLanguage":"en-US"}]}},"_links":{"self":[{"href":"https:\/\/golf-style-outlet.de\/en\/wp-json\/wp\/v2\/pages\/47","targetHints":{"allow":["GET"]}}],"collection":[{"href":"https:\/\/golf-style-outlet.de\/en\/wp-json\/wp\/v2\/pages"}],"about":[{"href":"https:\/\/golf-style-outlet.de\/en\/wp-json\/wp\/v2\/types\/page"}],"author":[{"embeddable":true,"href":"https:\/\/golf-style-outlet.de\/en\/wp-json\/wp\/v2\/users\/1"}],"replies":[{"embeddable":true,"href":"https:\/\/golf-style-outlet.de\/en\/wp-json\/wp\/v2\/comments?post=47"}],"version-history":[{"count":24,"href":"https:\/\/golf-style-outlet.de\/en\/wp-json\/wp\/v2\/pages\/47\/revisions"}],"predecessor-version":[{"id":1277,"href":"https:\/\/golf-style-outlet.de\/en\/wp-json\/wp\/v2\/pages\/47\/revisions\/1277"}],"wp:attachment":[{"href":"https:\/\/golf-style-outlet.de\/en\/wp-json\/wp\/v2\/media?parent=47"}],"curies":[{"name":"wp","href":"https:\/\/api.w.org\/{rel}","templated":true}]}}